{"id":278,"date":"2023-11-17T21:03:49","date_gmt":"2023-11-17T21:03:49","guid":{"rendered":"http:\/\/ritafuer4pfoten.com\/?page_id=278"},"modified":"2024-10-16T15:59:40","modified_gmt":"2024-10-16T15:59:40","slug":"futterempfehlung","status":"publish","type":"page","link":"https:\/\/ritafuer4pfoten.com\/?page_id=278","title":{"rendered":"Futterempfehlung"},"content":{"rendered":"\n<p>Aus \u00dcberzeugung und wegen ihres unvergleichlichen Konzepts biete ich auf Wunsch auch eine Futterempfehlung inkl. Lieferung an.<\/p>\n\n\n\n<p>Wann immer handels\u00fcbliche Futtermittel deinem Liebling nicht bekommen, Allergien ausl\u00f6sen, Durchfall mit sich bringen und schlicht nicht schmecken, freue ich mich dich hinsichtlich der Bed\u00fcrfnisse seines Hundes zu beraten.<\/p>\n\n\n<div class=\"wp-block-image\">\n<figure class=\"aligncenter size-full is-resized\"><img loading=\"lazy\" decoding=\"async\" width=\"500\" height=\"500\" src=\"http:\/\/ritafuer4pfoten.com\/wp-content\/uploads\/2023\/11\/170228_GranataPet_Logo_4c.png\" alt=\"\" class=\"wp-image-280\" style=\"width:188px;height:auto\" srcset=\"https:\/\/ritafuer4pfoten.com\/wp-content\/uploads\/2023\/11\/170228_GranataPet_Logo_4c.png 500w, https:\/\/ritafuer4pfoten.com\/wp-content\/uploads\/2023\/11\/170228_GranataPet_Logo_4c-300x300.png 300w, https:\/\/ritafuer4pfoten.com\/wp-content\/uploads\/2023\/11\/170228_GranataPet_Logo_4c-150x150.png 150w, https:\/\/ritafuer4pfoten.com\/wp-content\/uploads\/2023\/11\/170228_GranataPet_Logo_4c-360x360.png 360w\" sizes=\"auto, (max-width: 500px) 100vw, 500px\" \/><\/figure>\n<\/div>\n\n\n<p>Ich arbeite u.a. mit dem Hersteller Granatapet zusammen und bin von den Produkten in Zusammensetzung, Preis\/Leistung und der Philosophie des Unternehmens \u00fcberzeugt denn: &#8222;Zahlreiche wissenschaftliche Studien belegen den positiven Einfluss der Granatapfelkerne auf das Immunsystem sowie auf das Herz-Kreislaufsystem.&#8220; <\/p>\n\n\n\n<p>Die Produkte f\u00fcr Hund und Katze sind ohne Getreide, ohne k\u00fcnstliche Konservierungsstoffe, ohne Farb- und Aromastoffe und ohne gentechnisch ver\u00e4nderte Organismen.<br>Sprecht mich gern an und wir finden gemeinsam die optimale Ern\u00e4hrung f\u00fcr deinen Vierbeiner!<\/p>\n\n\n\n<figure class=\"wp-block-image size-large\"><img loading=\"lazy\" decoding=\"async\" width=\"1024\" height=\"461\" src=\"http:\/\/ritafuer4pfoten.com\/wp-content\/uploads\/2023\/11\/Hun-Katze-Granatapet-1024x461.png\" alt=\"\" class=\"wp-image-281\" srcset=\"https:\/\/ritafuer4pfoten.com\/wp-content\/uploads\/2023\/11\/Hun-Katze-Granatapet-1024x461.png 1024w, https:\/\/ritafuer4pfoten.com\/wp-content\/uploads\/2023\/11\/Hun-Katze-Granatapet-300x135.png 300w, https:\/\/ritafuer4pfoten.com\/wp-content\/uploads\/2023\/11\/Hun-Katze-Granatapet-768x346.png 768w, https:\/\/ritafuer4pfoten.com\/wp-content\/uploads\/2023\/11\/Hun-Katze-Granatapet-1536x691.png 1536w, https:\/\/ritafuer4pfoten.com\/wp-content\/uploads\/2023\/11\/Hun-Katze-Granatapet-2048x922.png 2048w, https:\/\/ritafuer4pfoten.com\/wp-content\/uploads\/2023\/11\/Hun-Katze-Granatapet-795x358.png 795w\" sizes=\"auto, (max-width: 1024px) 100vw, 1024px\" \/><\/figure>\n\n\n\n<p><\/p>\n\n\n\n<p>Ebenfalls habe ich den Hersteller Tackenberg im Programm. Diese artgerechte&nbsp;<strong>Premium-Tiernahrung<\/strong>&nbsp;f\u00fcr Hunde und Katzen setzt auf 100 % offene Deklaration und 0% Zucker. Das Familienunternehmen aus der L\u00fcneburger Heide steht seit nun fast 50 Jahren f\u00fcr Futter, dass pur, frisch, unbehandelt und gesund ist. Die Kontrolle der Rohstoffe steht an oberster Stelle und Tackenberg ist f\u00fchrend im BARF Bereich.<\/p>\n\n\n<div class=\"wp-block-image\">\n<figure class=\"aligncenter size-large is-resized\"><img loading=\"lazy\" decoding=\"async\" width=\"1024\" height=\"518\" src=\"http:\/\/ritafuer4pfoten.com\/wp-content\/uploads\/2024\/01\/Logo_Tackenberg-OC-1-1024x518.png\" alt=\"\" class=\"wp-image-299\" style=\"width:291px;height:auto\" srcset=\"https:\/\/ritafuer4pfoten.com\/wp-content\/uploads\/2024\/01\/Logo_Tackenberg-OC-1-1024x518.png 1024w, https:\/\/ritafuer4pfoten.com\/wp-content\/uploads\/2024\/01\/Logo_Tackenberg-OC-1-300x152.png 300w, https:\/\/ritafuer4pfoten.com\/wp-content\/uploads\/2024\/01\/Logo_Tackenberg-OC-1-768x389.png 768w, https:\/\/ritafuer4pfoten.com\/wp-content\/uploads\/2024\/01\/Logo_Tackenberg-OC-1-1536x777.png 1536w, https:\/\/ritafuer4pfoten.com\/wp-content\/uploads\/2024\/01\/Logo_Tackenberg-OC-1-795x402.png 795w, https:\/\/ritafuer4pfoten.com\/wp-content\/uploads\/2024\/01\/Logo_Tackenberg-OC-1.png 1678w\" sizes=\"auto, (max-width: 1024px) 100vw, 1024px\" \/><\/figure>\n<\/div>\n\n\n<figure class=\"wp-block-image size-large\"><img loading=\"lazy\" decoding=\"async\" width=\"1024\" height=\"463\" src=\"http:\/\/ritafuer4pfoten.com\/wp-content\/uploads\/2024\/01\/Tackenberg_Tiernahrung-1024x463.png\" alt=\"\" class=\"wp-image-300\" srcset=\"https:\/\/ritafuer4pfoten.com\/wp-content\/uploads\/2024\/01\/Tackenberg_Tiernahrung-1024x463.png 1024w, https:\/\/ritafuer4pfoten.com\/wp-content\/uploads\/2024\/01\/Tackenberg_Tiernahrung-300x136.png 300w, https:\/\/ritafuer4pfoten.com\/wp-content\/uploads\/2024\/01\/Tackenberg_Tiernahrung-768x348.png 768w, https:\/\/ritafuer4pfoten.com\/wp-content\/uploads\/2024\/01\/Tackenberg_Tiernahrung-795x360.png 795w, https:\/\/ritafuer4pfoten.com\/wp-content\/uploads\/2024\/01\/Tackenberg_Tiernahrung.png 1425w\" sizes=\"auto, (max-width: 1024px) 100vw, 1024px\" \/><\/figure>\n\n\n\n<p><\/p>\n\n\n\n<p>Wohl bei allen bekannt und beliebt &#8211; und nun auch im Programm &#8211; DOKAS! Der Premium-Snacks f\u00fcr Hunde und Katzen.<\/p>\n\n\n\n<p>DOKAS setzt auf beste Qualit\u00e4t und unterzieht den Snacks regelm\u00e4\u00dfigen Qualit\u00e4tskontrollen durch SGS Institut Fresenius. Wie auch unsere anderen Futterpartner legen sie gro\u00dfen Wert auf artgerechte Tierhaltung und nachhaltige Produktionsprozesse. <br>2023 wurde DOKOS erneut als &#8222;TOP MARKE&#8220; von Lebensmittel Zeitung ausgezeichnet. Ein Grund mehr die vielf\u00e4ltige Produktpalette einmal zu testen!<\/p>\n\n\n<div class=\"wp-block-image\">\n<figure class=\"aligncenter size-large is-resized\"><img loading=\"lazy\" decoding=\"async\" width=\"1024\" height=\"329\" src=\"http:\/\/ritafuer4pfoten.com\/wp-content\/uploads\/2024\/05\/Dokas-Firmenlogo_4C-1024x329.png\" alt=\"\" class=\"wp-image-309\" style=\"width:506px;height:auto\" srcset=\"https:\/\/ritafuer4pfoten.com\/wp-content\/uploads\/2024\/05\/Dokas-Firmenlogo_4C-1024x329.png 1024w, https:\/\/ritafuer4pfoten.com\/wp-content\/uploads\/2024\/05\/Dokas-Firmenlogo_4C-300x96.png 300w, https:\/\/ritafuer4pfoten.com\/wp-content\/uploads\/2024\/05\/Dokas-Firmenlogo_4C-768x247.png 768w, https:\/\/ritafuer4pfoten.com\/wp-content\/uploads\/2024\/05\/Dokas-Firmenlogo_4C-1536x494.png 1536w, https:\/\/ritafuer4pfoten.com\/wp-content\/uploads\/2024\/05\/Dokas-Firmenlogo_4C-795x256.png 795w, https:\/\/ritafuer4pfoten.com\/wp-content\/uploads\/2024\/05\/Dokas-Firmenlogo_4C.png 1633w\" sizes=\"auto, (max-width: 1024px) 100vw, 1024px\" \/><\/figure>\n<\/div>\n\n\n<p><\/p>\n\n\n\n<p><\/p>\n\n\n\n<p><b>Lieferservice<\/b> <\/p>\n\n\n\n<p>F\u00fcr&nbsp;Tierfutter&nbsp;und alles Weitere, was&nbsp;Sie f\u00fcr&nbsp;ihr Haustier&nbsp;ben\u00f6tigen. Gerne&nbsp;kaufe ich in&nbsp;Zoofachgesch\u00e4ften, oder dem Laden ihrer Wahl&nbsp;ein, und liefere&nbsp;Ihnen&nbsp;die Waren dann direkt nach Hause.<\/p>\n\n\n\n<h2 class=\"wp-block-heading\" style=\"font-size:14px\"><\/h2>\n","protected":false},"excerpt":{"rendered":"<p>Aus \u00dcberzeugung und wegen ihres unvergleichlichen Konzepts biete ich auf Wunsch auch eine Futterempfehlung inkl. Lieferung an. Wann immer handels\u00fcbliche Futtermittel deinem Liebling nicht bekommen, Allergien ausl\u00f6sen, Durchfall mit sich bringen und schlicht nicht schmecken, freue ich mich dich hinsichtlich der Bed\u00fcrfnisse seines Hundes zu beraten. Ich arbeite u.a. mit dem Hersteller Granatapet zusammen und bin von den Produkten in [&hellip;]<\/p>\n","protected":false},"author":1,"featured_media":0,"parent":0,"menu_order":0,"comment_status":"closed","ping_status":"closed","template":"","meta":{"footnotes":""},"class_list":["post-278","page","type-page","status-publish","hentry"],"_links":{"self":[{"href":"https:\/\/ritafuer4pfoten.com\/index.php?rest_route=\/wp\/v2\/pages\/278","targetHints":{"allow":["GET"]}}],"collection":[{"href":"https:\/\/ritafuer4pfoten.com\/index.php?rest_route=\/wp\/v2\/pages"}],"about":[{"href":"https:\/\/ritafuer4pfoten.com\/index.php?rest_route=\/wp\/v2\/types\/page"}],"author":[{"embeddable":true,"href":"https:\/\/ritafuer4pfoten.com\/index.php?rest_route=\/wp\/v2\/users\/1"}],"replies":[{"embeddable":true,"href":"https:\/\/ritafuer4pfoten.com\/index.php?rest_route=%2Fwp%2Fv2%2Fcomments&post=278"}],"version-history":[{"count":7,"href":"https:\/\/ritafuer4pfoten.com\/index.php?rest_route=\/wp\/v2\/pages\/278\/revisions"}],"predecessor-version":[{"id":329,"href":"https:\/\/ritafuer4pfoten.com\/index.php?rest_route=\/wp\/v2\/pages\/278\/revisions\/329"}],"wp:attachment":[{"href":"https:\/\/ritafuer4pfoten.com\/index.php?rest_route=%2Fwp%2Fv2%2Fmedia&parent=278"}],"curies":[{"name":"wp","href":"https:\/\/api.w.org\/{rel}","templated":true}]}}