{"id":255,"date":"2023-10-30T11:14:21","date_gmt":"2023-10-30T11:14:21","guid":{"rendered":"http:\/\/ritafuer4pfoten.com\/?page_id=255"},"modified":"2024-10-16T15:59:40","modified_gmt":"2024-10-16T15:59:40","slug":"besuchshund","status":"publish","type":"page","link":"https:\/\/ritafuer4pfoten.com\/?page_id=255","title":{"rendered":"Besuchshund"},"content":{"rendered":"\n<p>Du hast keinen eigenen Hund und w\u00fcnschst dir gemeinsame Spazierg\u00e4nge? <\/p>\n\n\n\n<p>Gern besuchen meine H\u00fcndin Maja und ich dich zuhause. Wir k\u00f6nnen gemeinsam spazieren gehen, uns unterhalten und Maja freut sich \u00fcber die zus\u00e4tzlichen Streicheleinheiten. <\/p>\n\n\n\n<p>Unser Besuch bei dir dauert 45 Minuten. Hierf\u00fcr berechne ich \u20ac 30,00 zzgl. der Kilometerabrechnung zu \u20ac 0,50 pro gefahrenem Kilometer.<\/p>\n\n\n\n<figure class=\"wp-block-gallery has-nested-images columns-default is-cropped wp-block-gallery-1 is-layout-flex wp-block-gallery-is-layout-flex\">\n<figure class=\"wp-block-image size-large\"><img loading=\"lazy\" decoding=\"async\" width=\"1024\" height=\"683\" data-id=\"276\" src=\"http:\/\/ritafuer4pfoten.com\/wp-content\/uploads\/2023\/10\/WhatsApp-Image-2023-10-30-at-18.03.03-1024x683.jpeg\" alt=\"\" class=\"wp-image-276\" srcset=\"https:\/\/ritafuer4pfoten.com\/wp-content\/uploads\/2023\/10\/WhatsApp-Image-2023-10-30-at-18.03.03-1024x683.jpeg 1024w, https:\/\/ritafuer4pfoten.com\/wp-content\/uploads\/2023\/10\/WhatsApp-Image-2023-10-30-at-18.03.03-300x200.jpeg 300w, https:\/\/ritafuer4pfoten.com\/wp-content\/uploads\/2023\/10\/WhatsApp-Image-2023-10-30-at-18.03.03-768x512.jpeg 768w, https:\/\/ritafuer4pfoten.com\/wp-content\/uploads\/2023\/10\/WhatsApp-Image-2023-10-30-at-18.03.03-795x530.jpeg 795w, https:\/\/ritafuer4pfoten.com\/wp-content\/uploads\/2023\/10\/WhatsApp-Image-2023-10-30-at-18.03.03.jpeg 1365w\" sizes=\"auto, (max-width: 1024px) 100vw, 1024px\" \/><\/figure>\n<\/figure>\n","protected":false},"excerpt":{"rendered":"<p>Du hast keinen eigenen Hund und w\u00fcnschst dir gemeinsame Spazierg\u00e4nge? Gern besuchen meine H\u00fcndin Maja und ich dich zuhause. Wir k\u00f6nnen gemeinsam spazieren gehen, uns unterhalten und Maja freut sich \u00fcber die zus\u00e4tzlichen Streicheleinheiten. Unser Besuch bei dir dauert 45 Minuten. Hierf\u00fcr berechne ich \u20ac 30,00 zzgl. der Kilometerabrechnung zu \u20ac 0,50 pro gefahrenem Kilometer.<\/p>\n","protected":false},"author":1,"featured_media":0,"parent":0,"menu_order":0,"comment_status":"closed","ping_status":"closed","template":"","meta":{"footnotes":""},"class_list":["post-255","page","type-page","status-publish","hentry"],"_links":{"self":[{"href":"https:\/\/ritafuer4pfoten.com\/index.php?rest_route=\/wp\/v2\/pages\/255","targetHints":{"allow":["GET"]}}],"collection":[{"href":"https:\/\/ritafuer4pfoten.com\/index.php?rest_route=\/wp\/v2\/pages"}],"about":[{"href":"https:\/\/ritafuer4pfoten.com\/index.php?rest_route=\/wp\/v2\/types\/page"}],"author":[{"embeddable":true,"href":"https:\/\/ritafuer4pfoten.com\/index.php?rest_route=\/wp\/v2\/users\/1"}],"replies":[{"embeddable":true,"href":"https:\/\/ritafuer4pfoten.com\/index.php?rest_route=%2Fwp%2Fv2%2Fcomments&post=255"}],"version-history":[{"count":7,"href":"https:\/\/ritafuer4pfoten.com\/index.php?rest_route=\/wp\/v2\/pages\/255\/revisions"}],"predecessor-version":[{"id":323,"href":"https:\/\/ritafuer4pfoten.com\/index.php?rest_route=\/wp\/v2\/pages\/255\/revisions\/323"}],"wp:attachment":[{"href":"https:\/\/ritafuer4pfoten.com\/index.php?rest_route=%2Fwp%2Fv2%2Fmedia&parent=255"}],"curies":[{"name":"wp","href":"https:\/\/api.w.org\/{rel}","templated":true}]}}