{"id":238,"date":"2023-10-30T10:44:00","date_gmt":"2023-10-30T10:44:00","guid":{"rendered":"http:\/\/ritafuer4pfoten.com\/?page_id=238"},"modified":"2024-10-16T15:59:40","modified_gmt":"2024-10-16T15:59:40","slug":"kleintierbetreuung","status":"publish","type":"page","link":"https:\/\/ritafuer4pfoten.com\/?page_id=238","title":{"rendered":"Kleintierbetreuung"},"content":{"rendered":"\n<p><\/p>\n\n\n\n<p>Sie sind berufst\u00e4tig,&nbsp;Sie fahren in Urlaub oder m\u00fcssen kurzfristig auf Dienstreise? Nat\u00fcrlich k\u00fcmmere ich mich auch um ihre Kleintiere!<br>F\u00fcttern, den K\u00e4fig s\u00e4ubern, Streicheleinheiten verteilen,\u2026&nbsp;<\/p>\n\n\n\n<p>Die Betreuung ihrer Tiere findet in gewohnter Umgebung bei ihnen zuhause statt. Dies mindert den Stress f\u00fcr ihr Tier und steigert den Wohlf\u00fchlfaktor.<\/p>\n\n\n\n<p>einmal t\u00e4glich \u20ac 10,00<br>zweimal t\u00e4glich \u20ac 20,00<\/p>\n\n\n\n<p>zzgl. Kilometerabrechnung zu \u20ac 0,50 pro gefahrenem Kilometer.\u00a0<br>(Der Preis ist pro Gehege zu rechnen, unabh\u00e4ngig von der Anzahl der Tiere.)<\/p>\n\n\n\n<p>Weiterhin k\u00f6nnen Zusatzdienstleistungen wie B\u00fcrsten\/K\u00e4mmen, Medikamentengabe, Verbandswechsel etc. durchgef\u00fchrt werden und werden nach Aufwand berechnet.<\/p>\n\n\n\n<figure class=\"wp-block-image size-large is-resized\"><img loading=\"lazy\" decoding=\"async\" width=\"962\" height=\"711\" src=\"http:\/\/ritafuer4pfoten.com\/wp-content\/uploads\/2023\/10\/WhatsApp-Image-2019-10-07-at-10.21.17-edited-1.jpeg\" alt=\"\" class=\"wp-image-245\" style=\"width:549px;height:auto\" srcset=\"https:\/\/ritafuer4pfoten.com\/wp-content\/uploads\/2023\/10\/WhatsApp-Image-2019-10-07-at-10.21.17-edited-1.jpeg 962w, https:\/\/ritafuer4pfoten.com\/wp-content\/uploads\/2023\/10\/WhatsApp-Image-2019-10-07-at-10.21.17-edited-1-300x222.jpeg 300w, https:\/\/ritafuer4pfoten.com\/wp-content\/uploads\/2023\/10\/WhatsApp-Image-2019-10-07-at-10.21.17-edited-1-768x568.jpeg 768w, https:\/\/ritafuer4pfoten.com\/wp-content\/uploads\/2023\/10\/WhatsApp-Image-2019-10-07-at-10.21.17-edited-1-795x588.jpeg 795w\" sizes=\"auto, (max-width: 962px) 100vw, 962px\" \/><\/figure>\n\n\n\n<p class=\"has-small-font-size\"><\/p>\n","protected":false},"excerpt":{"rendered":"<p>Sie sind berufst\u00e4tig,&nbsp;Sie fahren in Urlaub oder m\u00fcssen kurzfristig auf Dienstreise? Nat\u00fcrlich k\u00fcmmere ich mich auch um ihre Kleintiere!F\u00fcttern, den K\u00e4fig s\u00e4ubern, Streicheleinheiten verteilen,\u2026&nbsp; Die Betreuung ihrer Tiere findet in gewohnter Umgebung bei ihnen zuhause statt. Dies mindert den Stress f\u00fcr ihr Tier und steigert den Wohlf\u00fchlfaktor. einmal t\u00e4glich \u20ac 10,00zweimal t\u00e4glich \u20ac 20,00 zzgl. Kilometerabrechnung zu \u20ac 0,50 pro [&hellip;]<\/p>\n","protected":false},"author":1,"featured_media":0,"parent":0,"menu_order":0,"comment_status":"closed","ping_status":"closed","template":"","meta":{"footnotes":""},"class_list":["post-238","page","type-page","status-publish","hentry"],"_links":{"self":[{"href":"https:\/\/ritafuer4pfoten.com\/index.php?rest_route=\/wp\/v2\/pages\/238","targetHints":{"allow":["GET"]}}],"collection":[{"href":"https:\/\/ritafuer4pfoten.com\/index.php?rest_route=\/wp\/v2\/pages"}],"about":[{"href":"https:\/\/ritafuer4pfoten.com\/index.php?rest_route=\/wp\/v2\/types\/page"}],"author":[{"embeddable":true,"href":"https:\/\/ritafuer4pfoten.com\/index.php?rest_route=\/wp\/v2\/users\/1"}],"replies":[{"embeddable":true,"href":"https:\/\/ritafuer4pfoten.com\/index.php?rest_route=%2Fwp%2Fv2%2Fcomments&post=238"}],"version-history":[{"count":6,"href":"https:\/\/ritafuer4pfoten.com\/index.php?rest_route=\/wp\/v2\/pages\/238\/revisions"}],"predecessor-version":[{"id":324,"href":"https:\/\/ritafuer4pfoten.com\/index.php?rest_route=\/wp\/v2\/pages\/238\/revisions\/324"}],"wp:attachment":[{"href":"https:\/\/ritafuer4pfoten.com\/index.php?rest_route=%2Fwp%2Fv2%2Fmedia&parent=238"}],"curies":[{"name":"wp","href":"https:\/\/api.w.org\/{rel}","templated":true}]}}