{"id":21,"date":"2020-03-29T19:18:09","date_gmt":"2020-03-29T19:18:09","guid":{"rendered":"http:\/\/ritafuer4pfoten.com\/?page_id=21"},"modified":"2024-10-16T15:59:40","modified_gmt":"2024-10-16T15:59:40","slug":"kontakt","status":"publish","type":"page","link":"https:\/\/ritafuer4pfoten.com\/?page_id=21","title":{"rendered":"Kontakt"},"content":{"rendered":"\n<p>Hallo, ich hei\u00dfe Rita!<\/p>\n\n\n\n<p>Als geb\u00fcrtige rheinische Frohnatur bin&nbsp;ich 2006 an der&nbsp;Schlei&nbsp;im&nbsp;sch\u00f6nen&nbsp;Schleswig-Holstein&nbsp;gestrandet. Seit meiner Jugend begleiten mich&nbsp;insbesondere&nbsp;Hunde und Katzen,&nbsp;sowie Pferde, Wellensittiche und Hamster&nbsp;in meinem Leben.&nbsp;<\/p>\n\n\n\n<p>Auch durch meine ehrenamtliche T\u00e4tigkeit im Tierheim und Tierschutz (seit 1994) habe ich langj\u00e4hrige Erfahrungen mit s\u00e4mtlichen Tierarten sammeln k\u00f6nnen.&nbsp;<\/p>\n\n\n\n<p>Meine Dienstleistungen biete ich vornehmlich in Schleswig-Holstein an, Fahrdienste sind aber nach Absprache auch in gesamt Deutschland m\u00f6glich. Ein Sachkundenachweis sowie eine Transport Typ 1 Zulassung ist vorhanden.<br><br>Ich freue mich \u00fcber ein pers\u00f6nliches Kennenlernen mit dir und deinem Tier.<\/p>\n\n\n\n<p><\/p>\n\n\n\n<p>Rita Meissner<br>Tel: 0176 48 59 32 76<br><a href=\"mailto:kontakt@ritafuer4pfoten.com\">kontakt@ritafuer4pfoten.com<\/a><\/p>\n\n\n\n<figure class=\"wp-block-image size-large\"><img loading=\"lazy\" decoding=\"async\" width=\"970\" height=\"1294\" src=\"http:\/\/ritafuer4pfoten.com\/wp-content\/uploads\/2023\/10\/WhatsApp-Image-2023-10-30-at-12.19.58-edited.jpeg\" alt=\"\" class=\"wp-image-264\" srcset=\"https:\/\/ritafuer4pfoten.com\/wp-content\/uploads\/2023\/10\/WhatsApp-Image-2023-10-30-at-12.19.58-edited.jpeg 970w, https:\/\/ritafuer4pfoten.com\/wp-content\/uploads\/2023\/10\/WhatsApp-Image-2023-10-30-at-12.19.58-edited-225x300.jpeg 225w, https:\/\/ritafuer4pfoten.com\/wp-content\/uploads\/2023\/10\/WhatsApp-Image-2023-10-30-at-12.19.58-edited-768x1025.jpeg 768w, https:\/\/ritafuer4pfoten.com\/wp-content\/uploads\/2023\/10\/WhatsApp-Image-2023-10-30-at-12.19.58-edited-795x1061.jpeg 795w\" sizes=\"auto, (max-width: 970px) 100vw, 970px\" \/><\/figure>\n\n\n\n<p class=\"has-text-align-center\"><\/p>\n","protected":false},"excerpt":{"rendered":"<p>Hallo, ich hei\u00dfe Rita! Als geb\u00fcrtige rheinische Frohnatur bin&nbsp;ich 2006 an der&nbsp;Schlei&nbsp;im&nbsp;sch\u00f6nen&nbsp;Schleswig-Holstein&nbsp;gestrandet. Seit meiner Jugend begleiten mich&nbsp;insbesondere&nbsp;Hunde und Katzen,&nbsp;sowie Pferde, Wellensittiche und Hamster&nbsp;in meinem Leben.&nbsp; Auch durch meine ehrenamtliche T\u00e4tigkeit im Tierheim und Tierschutz (seit 1994) habe ich langj\u00e4hrige Erfahrungen mit s\u00e4mtlichen Tierarten sammeln k\u00f6nnen.&nbsp; Meine Dienstleistungen biete ich vornehmlich in Schleswig-Holstein an, Fahrdienste sind aber nach Absprache auch in [&hellip;]<\/p>\n","protected":false},"author":1,"featured_media":0,"parent":0,"menu_order":0,"comment_status":"closed","ping_status":"closed","template":"","meta":{"footnotes":""},"class_list":["post-21","page","type-page","status-publish","hentry"],"_links":{"self":[{"href":"https:\/\/ritafuer4pfoten.com\/index.php?rest_route=\/wp\/v2\/pages\/21","targetHints":{"allow":["GET"]}}],"collection":[{"href":"https:\/\/ritafuer4pfoten.com\/index.php?rest_route=\/wp\/v2\/pages"}],"about":[{"href":"https:\/\/ritafuer4pfoten.com\/index.php?rest_route=\/wp\/v2\/types\/page"}],"author":[{"embeddable":true,"href":"https:\/\/ritafuer4pfoten.com\/index.php?rest_route=\/wp\/v2\/users\/1"}],"replies":[{"embeddable":true,"href":"https:\/\/ritafuer4pfoten.com\/index.php?rest_route=%2Fwp%2Fv2%2Fcomments&post=21"}],"version-history":[{"count":10,"href":"https:\/\/ritafuer4pfoten.com\/index.php?rest_route=\/wp\/v2\/pages\/21\/revisions"}],"predecessor-version":[{"id":333,"href":"https:\/\/ritafuer4pfoten.com\/index.php?rest_route=\/wp\/v2\/pages\/21\/revisions\/333"}],"wp:attachment":[{"href":"https:\/\/ritafuer4pfoten.com\/index.php?rest_route=%2Fwp%2Fv2%2Fmedia&parent=21"}],"curies":[{"name":"wp","href":"https:\/\/api.w.org\/{rel}","templated":true}]}}