{"id":15,"date":"2020-03-29T19:18:09","date_gmt":"2020-03-29T19:18:09","guid":{"rendered":"http:\/\/ritafuer4pfoten.com\/?page_id=15"},"modified":"2024-10-16T15:59:40","modified_gmt":"2024-10-16T15:59:40","slug":"dienstleistungen","status":"publish","type":"page","link":"https:\/\/ritafuer4pfoten.com\/?page_id=15","title":{"rendered":"Dienstleistungen"},"content":{"rendered":"\n<p>Ich biete euch folgende Dienstleistungen:<\/p>\n\n\n\n<p><\/p>\n\n\n\n<p><a href=\"http:\/\/ritafuer4pfoten.com\/?page_id=13\" data-type=\"page\" data-id=\"13\">Tier-Taxi<\/a><\/p>\n\n\n\n<p><a href=\"http:\/\/ritafuer4pfoten.com\/?page_id=19\" data-type=\"page\" data-id=\"19\">Gassi-Service<\/a><\/p>\n\n\n\n<p><a href=\"http:\/\/ritafuer4pfoten.com\/?page_id=17\" data-type=\"page\" data-id=\"17\">Hundesitting<\/a><\/p>\n\n\n\n<p><a href=\"http:\/\/ritafuer4pfoten.com\/?page_id=208\" data-type=\"page\" data-id=\"208\">Katzensitting<\/a><\/p>\n\n\n\n<p><\/p>\n\n\n\n<p>Ich biete keine Pension! <\/p>\n\n\n\n<p>Es handelt sich rein um eine &#8222;Bedarfsbetreuung&#8220;, diese ist tags\u00fcber wie auch nachts m\u00f6glich.<\/p>\n\n\n\n<p>Ihr Tier wird bei ihnen zu Hause individuell betreut. Die Betreuung ist immer 1:1 &#8211; kein Gruppensitting mit den Tieren anderer Kunden. Eine Schl\u00fcssel\u00fcbergabe vorab wird bei Abholung des Schl\u00fcssels mit \u20ac 5,00 berechnet, der Schl\u00fcssel kann aber auch gerne gebracht werden.<\/p>\n\n\n\n<p>Ein unverbindliches und kostenloses <strong>Erstgespr\u00e4ch<\/strong> zum pers\u00f6nlichen Austausch k\u00f6nnen wir gern vereinbaren. Dies dauert max. 30 Minuten. Einzig die Anfahrt wird als Kilometerabrechnung zu \u20ac 0,50 pro gefahrenem Kilometer berechnet.\u00a0Sollten wir uns sympathisch sein, fallen bei einer Schl\u00fcssel\u00fcbergabe, f\u00fcr die anstehende Betreuung, keine weiteren Kosten an.<\/p>\n\n\n\n<figure class=\"wp-block-image size-large is-resized\"><img loading=\"lazy\" decoding=\"async\" width=\"1024\" height=\"768\" src=\"http:\/\/ritafuer4pfoten.com\/wp-content\/uploads\/2023\/11\/IMG-20231108-WA0015-1024x768.jpg\" alt=\"\" class=\"wp-image-288\" style=\"width:517px;height:auto\" srcset=\"https:\/\/ritafuer4pfoten.com\/wp-content\/uploads\/2023\/11\/IMG-20231108-WA0015-1024x768.jpg 1024w, https:\/\/ritafuer4pfoten.com\/wp-content\/uploads\/2023\/11\/IMG-20231108-WA0015-300x225.jpg 300w, https:\/\/ritafuer4pfoten.com\/wp-content\/uploads\/2023\/11\/IMG-20231108-WA0015-768x576.jpg 768w, https:\/\/ritafuer4pfoten.com\/wp-content\/uploads\/2023\/11\/IMG-20231108-WA0015-1536x1152.jpg 1536w, https:\/\/ritafuer4pfoten.com\/wp-content\/uploads\/2023\/11\/IMG-20231108-WA0015-795x596.jpg 795w, https:\/\/ritafuer4pfoten.com\/wp-content\/uploads\/2023\/11\/IMG-20231108-WA0015.jpg 2048w\" sizes=\"auto, (max-width: 1024px) 100vw, 1024px\" \/><\/figure>\n","protected":false},"excerpt":{"rendered":"<p>Ich biete euch folgende Dienstleistungen: Tier-Taxi Gassi-Service Hundesitting Katzensitting Ich biete keine Pension! Es handelt sich rein um eine &#8222;Bedarfsbetreuung&#8220;, diese ist tags\u00fcber wie auch nachts m\u00f6glich. Ihr Tier wird bei ihnen zu Hause individuell betreut. Die Betreuung ist immer 1:1 &#8211; kein Gruppensitting mit den Tieren anderer Kunden. Eine Schl\u00fcssel\u00fcbergabe vorab wird bei Abholung des Schl\u00fcssels mit \u20ac 5,00 [&hellip;]<\/p>\n","protected":false},"author":1,"featured_media":0,"parent":0,"menu_order":0,"comment_status":"closed","ping_status":"closed","template":"","meta":{"footnotes":""},"class_list":["post-15","page","type-page","status-publish","hentry"],"_links":{"self":[{"href":"https:\/\/ritafuer4pfoten.com\/index.php?rest_route=\/wp\/v2\/pages\/15","targetHints":{"allow":["GET"]}}],"collection":[{"href":"https:\/\/ritafuer4pfoten.com\/index.php?rest_route=\/wp\/v2\/pages"}],"about":[{"href":"https:\/\/ritafuer4pfoten.com\/index.php?rest_route=\/wp\/v2\/types\/page"}],"author":[{"embeddable":true,"href":"https:\/\/ritafuer4pfoten.com\/index.php?rest_route=\/wp\/v2\/users\/1"}],"replies":[{"embeddable":true,"href":"https:\/\/ritafuer4pfoten.com\/index.php?rest_route=%2Fwp%2Fv2%2Fcomments&post=15"}],"version-history":[{"count":5,"href":"https:\/\/ritafuer4pfoten.com\/index.php?rest_route=\/wp\/v2\/pages\/15\/revisions"}],"predecessor-version":[{"id":326,"href":"https:\/\/ritafuer4pfoten.com\/index.php?rest_route=\/wp\/v2\/pages\/15\/revisions\/326"}],"wp:attachment":[{"href":"https:\/\/ritafuer4pfoten.com\/index.php?rest_route=%2Fwp%2Fv2%2Fmedia&parent=15"}],"curies":[{"name":"wp","href":"https:\/\/api.w.org\/{rel}","templated":true}]}}