{"id":13,"date":"2020-03-29T19:14:45","date_gmt":"2020-03-29T19:14:45","guid":{"rendered":"http:\/\/ritafuer4pfoten.com\/?page_id=13"},"modified":"2024-10-16T15:59:40","modified_gmt":"2024-10-16T15:59:40","slug":"tier-taxi","status":"publish","type":"page","link":"https:\/\/ritafuer4pfoten.com\/?page_id=13","title":{"rendered":"Tier-Taxi"},"content":{"rendered":"\n<p><strong>der Pfotenfahrdienst&nbsp;bietet einen Hol- und Bringservice<\/strong><\/p>\n\n\n\n<figure class=\"wp-block-image size-large is-resized\"><img loading=\"lazy\" decoding=\"async\" width=\"1024\" height=\"768\" src=\"http:\/\/ritafuer4pfoten.com\/wp-content\/uploads\/2021\/02\/IMG-20201121-WA0004.jpg\" alt=\"\" class=\"wp-image-134\" style=\"width:516px;height:auto\" srcset=\"https:\/\/ritafuer4pfoten.com\/wp-content\/uploads\/2021\/02\/IMG-20201121-WA0004.jpg 1024w, https:\/\/ritafuer4pfoten.com\/wp-content\/uploads\/2021\/02\/IMG-20201121-WA0004-300x225.jpg 300w, https:\/\/ritafuer4pfoten.com\/wp-content\/uploads\/2021\/02\/IMG-20201121-WA0004-768x576.jpg 768w, https:\/\/ritafuer4pfoten.com\/wp-content\/uploads\/2021\/02\/IMG-20201121-WA0004-795x596.jpg 795w\" sizes=\"auto, (max-width: 1024px) 100vw, 1024px\" \/><\/figure>\n\n\n\n<p style=\"font-size:14px\"><strong>\u2013<\/strong> zu Tierarztterminen\/ Heilpraktiker\/ Physio&#8230;<br>\u2013 in die Tierklinik<br>\u2013 zur Hundepension<br>\u2013 zum Hundesalon<br>\u2013 zum Tierheim etc.<br><\/p>\n\n\n\n<p style=\"font-size:14px\"><strong>Das Tier-Taxi f\u00e4hrt von:&nbsp;<\/strong><\/p>\n\n\n\n<p style=\"font-size:14px\">Die Fahrten erfolgen nach Voranmeldung und Verf\u00fcgbarkeit von montags bis sonntags.<\/p>\n\n\n\n<p style=\"font-size:14px\"><br><strong>Tarife<\/strong><br><br>je angefangene Arbeitseinheit (15 Minuten) \u20ac 5,00 Dienstleistungspauschale<\/p>\n\n\n\n<p style=\"font-size:14px\">zzgl. je gefahrener Kilometer \u20ac 0,50.<\/p>\n\n\n\n<p style=\"font-size:14px\">Spezial-Preise nach Absprache f\u00fcr&nbsp;Sammeltransporte&nbsp;und&nbsp;Z\u00fcchter und Tierschutzvereine m\u00f6glich.<\/p>\n\n\n\n<p style=\"font-size:14px\"><br><br><strong>Zusatzinfos<\/strong><br><br>Transportzulassung Typ 1 vorhanden.<\/p>\n\n\n\n<p style=\"font-size:14px\">Rechnungsstellung auf Wunsch m\u00f6glich.<\/p>\n\n\n\n<p style=\"font-size:12px\"><em>(Die Preise beinhalten die aktuellen Benzinpreise, die Reinigungskosten f\u00fcr Fahrzeug und Transportboxen, die Fahrzeugnutzungskosten, Inspektions- und Werkstattkosten, sowie andere erforderliche Kostenpunkte, um ihren Haustieren einen sicheren Transport und vollen Serviceumfang bieten zu k\u00f6nnen.)<\/em><\/p>\n","protected":false},"excerpt":{"rendered":"<p>der Pfotenfahrdienst&nbsp;bietet einen Hol- und Bringservice \u2013 zu Tierarztterminen\/ Heilpraktiker\/ Physio&#8230;\u2013 in die Tierklinik\u2013 zur Hundepension\u2013 zum Hundesalon\u2013 zum Tierheim etc. Das Tier-Taxi f\u00e4hrt von:&nbsp; Die Fahrten erfolgen nach Voranmeldung und Verf\u00fcgbarkeit von montags bis sonntags. Tarife je angefangene Arbeitseinheit (15 Minuten) \u20ac 5,00 Dienstleistungspauschale zzgl. je gefahrener Kilometer \u20ac 0,50. Spezial-Preise nach Absprache f\u00fcr&nbsp;Sammeltransporte&nbsp;und&nbsp;Z\u00fcchter und Tierschutzvereine m\u00f6glich. Zusatzinfos Transportzulassung [&hellip;]<\/p>\n","protected":false},"author":1,"featured_media":0,"parent":15,"menu_order":0,"comment_status":"closed","ping_status":"closed","template":"","meta":{"footnotes":""},"class_list":["post-13","page","type-page","status-publish","hentry"],"_links":{"self":[{"href":"https:\/\/ritafuer4pfoten.com\/index.php?rest_route=\/wp\/v2\/pages\/13","targetHints":{"allow":["GET"]}}],"collection":[{"href":"https:\/\/ritafuer4pfoten.com\/index.php?rest_route=\/wp\/v2\/pages"}],"about":[{"href":"https:\/\/ritafuer4pfoten.com\/index.php?rest_route=\/wp\/v2\/types\/page"}],"author":[{"embeddable":true,"href":"https:\/\/ritafuer4pfoten.com\/index.php?rest_route=\/wp\/v2\/users\/1"}],"replies":[{"embeddable":true,"href":"https:\/\/ritafuer4pfoten.com\/index.php?rest_route=%2Fwp%2Fv2%2Fcomments&post=13"}],"version-history":[{"count":13,"href":"https:\/\/ritafuer4pfoten.com\/index.php?rest_route=\/wp\/v2\/pages\/13\/revisions"}],"predecessor-version":[{"id":327,"href":"https:\/\/ritafuer4pfoten.com\/index.php?rest_route=\/wp\/v2\/pages\/13\/revisions\/327"}],"up":[{"embeddable":true,"href":"https:\/\/ritafuer4pfoten.com\/index.php?rest_route=\/wp\/v2\/pages\/15"}],"wp:attachment":[{"href":"https:\/\/ritafuer4pfoten.com\/index.php?rest_route=%2Fwp%2Fv2%2Fmedia&parent=13"}],"curies":[{"name":"wp","href":"https:\/\/api.w.org\/{rel}","templated":true}]}}